{"id":742,"date":"2024-11-17T17:24:13","date_gmt":"2024-11-17T16:24:13","guid":{"rendered":"http:\/\/www.kirstenspeicher-hundeschule.de\/?page_id=742"},"modified":"2024-11-17T17:31:35","modified_gmt":"2024-11-17T16:31:35","slug":"aktuelle-informationen-2","status":"publish","type":"page","link":"http:\/\/www.kirstenspeicher-hundeschule.de\/","title":{"rendered":"aktuelle Informationen"},"content":{"rendered":"\n<p><\/p>\n\n\n\n<p>Meine Kurse, Einzelstunden und Seminare sind nicht orts- oder Hundeplatz-gebunden. Viele Hunde verkn\u00fcpfen Gehorsam mit dem Hundeplatz und \u00fcbertragen die Hundeplatz\u00fcbungen nicht in ihren Alltag. Aus diesem Grund versuche ich mit den Hund-Hundef\u00fchrerteams in verschiedensten Umgebungen zu \u00fcben.<\/p>\n\n\n\n<p>Angebote in Marburg und Umgebung, sowie Frankenberg und Umgebung.<\/p>\n\n\n\n<figure class=\"wp-block-image size-full\"><a href=\"http:\/\/www.kirstenspeicher-hundeschule.de\/wp-content\/uploads\/2008\/06\/aidan-am-strand.jpg\"><img loading=\"lazy\" decoding=\"async\" width=\"500\" height=\"321\" src=\"http:\/\/www.kirstenspeicher-hundeschule.de\/wp-content\/uploads\/2008\/06\/aidan-am-strand.jpg\" alt=\"\" class=\"wp-image-57\"\/><\/a><\/figure>\n","protected":false},"excerpt":{"rendered":"<p>Meine Kurse, Einzelstunden und Seminare sind nicht orts- oder Hundeplatz-gebunden. Viele Hunde verkn\u00fcpfen Gehorsam mit dem Hundeplatz und \u00fcbertragen die Hundeplatz\u00fcbungen nicht in ihren Alltag. Aus diesem Grund versuche ich mit den Hund-Hundef\u00fchrerteams in verschiedensten Umgebungen zu \u00fcben. Angebote in Marburg und Umgebung, sowie Frankenberg und Umgebung.<\/p>\n","protected":false},"author":3,"featured_media":0,"parent":0,"menu_order":100,"comment_status":"closed","ping_status":"closed","template":"","meta":{"footnotes":""},"class_list":["post-742","page","type-page","status-publish","hentry"],"_links":{"self":[{"href":"http:\/\/www.kirstenspeicher-hundeschule.de\/index.php?rest_route=\/wp\/v2\/pages\/742","targetHints":{"allow":["GET"]}}],"collection":[{"href":"http:\/\/www.kirstenspeicher-hundeschule.de\/index.php?rest_route=\/wp\/v2\/pages"}],"about":[{"href":"http:\/\/www.kirstenspeicher-hundeschule.de\/index.php?rest_route=\/wp\/v2\/types\/page"}],"author":[{"embeddable":true,"href":"http:\/\/www.kirstenspeicher-hundeschule.de\/index.php?rest_route=\/wp\/v2\/users\/3"}],"replies":[{"embeddable":true,"href":"http:\/\/www.kirstenspeicher-hundeschule.de\/index.php?rest_route=%2Fwp%2Fv2%2Fcomments&post=742"}],"version-history":[{"count":3,"href":"http:\/\/www.kirstenspeicher-hundeschule.de\/index.php?rest_route=\/wp\/v2\/pages\/742\/revisions"}],"predecessor-version":[{"id":816,"href":"http:\/\/www.kirstenspeicher-hundeschule.de\/index.php?rest_route=\/wp\/v2\/pages\/742\/revisions\/816"}],"wp:attachment":[{"href":"http:\/\/www.kirstenspeicher-hundeschule.de\/index.php?rest_route=%2Fwp%2Fv2%2Fmedia&parent=742"}],"curies":[{"name":"wp","href":"https:\/\/api.w.org\/{rel}","templated":true}]}}