{"id":744,"date":"2024-11-17T17:12:30","date_gmt":"2024-11-17T16:12:30","guid":{"rendered":"http:\/\/www.kirstenspeicher-hundeschule.de\/?page_id=744"},"modified":"2024-11-17T17:31:58","modified_gmt":"2024-11-17T16:31:58","slug":"ueber-die-hundeschule","status":"publish","type":"page","link":"http:\/\/www.kirstenspeicher-hundeschule.de\/?page_id=744","title":{"rendered":"\u00fcber die Hundeschule"},"content":{"rendered":"\n<p><\/p>\n\n\n\n<p>Nat\u00fcrlich ist jeder Hund einzigartig und bringt somit seinen eigenen Charakter ein \u2013 bei einem freudigen Grundgehorsam, dem Spa\u00df am Apportieren, dem Spa\u00df an der Gegenstandssuche oder dem Interesse, mit dem Hundef\u00fchrer unbekannte Aufgaben zu meistern \u2026<\/p>\n\n\n\n<figure class=\"wp-block-image size-full\"><a href=\"http:\/\/www.kirstenspeicher-hundeschule.de\/wp-content\/uploads\/2008\/06\/aidan-und-lisa-kuss-5001.jpg\"><img loading=\"lazy\" decoding=\"async\" width=\"500\" height=\"287\" src=\"http:\/\/www.kirstenspeicher-hundeschule.de\/wp-content\/uploads\/2008\/06\/aidan-und-lisa-kuss-5001.jpg\" alt=\"\" class=\"wp-image-58\"\/><\/a><\/figure>\n","protected":false},"excerpt":{"rendered":"<p>Nat\u00fcrlich ist jeder Hund einzigartig und bringt somit seinen eigenen Charakter ein \u2013 bei einem freudigen Grundgehorsam, dem Spa\u00df am Apportieren, dem Spa\u00df an der Gegenstandssuche oder dem Interesse, mit dem Hundef\u00fchrer unbekannte Aufgaben zu meistern \u2026<\/p>\n","protected":false},"author":3,"featured_media":0,"parent":0,"menu_order":200,"comment_status":"closed","ping_status":"closed","template":"","meta":{"footnotes":""},"class_list":["post-744","page","type-page","status-publish","hentry"],"_links":{"self":[{"href":"http:\/\/www.kirstenspeicher-hundeschule.de\/index.php?rest_route=\/wp\/v2\/pages\/744","targetHints":{"allow":["GET"]}}],"collection":[{"href":"http:\/\/www.kirstenspeicher-hundeschule.de\/index.php?rest_route=\/wp\/v2\/pages"}],"about":[{"href":"http:\/\/www.kirstenspeicher-hundeschule.de\/index.php?rest_route=\/wp\/v2\/types\/page"}],"author":[{"embeddable":true,"href":"http:\/\/www.kirstenspeicher-hundeschule.de\/index.php?rest_route=\/wp\/v2\/users\/3"}],"replies":[{"embeddable":true,"href":"http:\/\/www.kirstenspeicher-hundeschule.de\/index.php?rest_route=%2Fwp%2Fv2%2Fcomments&post=744"}],"version-history":[{"count":5,"href":"http:\/\/www.kirstenspeicher-hundeschule.de\/index.php?rest_route=\/wp\/v2\/pages\/744\/revisions"}],"predecessor-version":[{"id":817,"href":"http:\/\/www.kirstenspeicher-hundeschule.de\/index.php?rest_route=\/wp\/v2\/pages\/744\/revisions\/817"}],"wp:attachment":[{"href":"http:\/\/www.kirstenspeicher-hundeschule.de\/index.php?rest_route=%2Fwp%2Fv2%2Fmedia&parent=744"}],"curies":[{"name":"wp","href":"https:\/\/api.w.org\/{rel}","templated":true}]}}