{"id":750,"date":"2024-11-17T17:22:26","date_gmt":"2024-11-17T16:22:26","guid":{"rendered":"http:\/\/www.kirstenspeicher-hundeschule.de\/?page_id=750"},"modified":"2024-11-17T17:32:56","modified_gmt":"2024-11-17T16:32:56","slug":"kurse-2","status":"publish","type":"page","link":"http:\/\/www.kirstenspeicher-hundeschule.de\/?page_id=750","title":{"rendered":"Kurse"},"content":{"rendered":"\n<p><\/p>\n\n\n\n<p>Meine Kurse, Gruppen oder Seminare finden zum Teil auf den beiden Hundepl\u00e4tzen statt, oder im Feld, im Wald und in der Stadt. Je nach teilnehmenden Hundef\u00fchrern biete ich diese in Marburg, Wetter, Kirchhain und im Raum Frankenberg.<\/p>\n\n\n\n<p>Informieren Sie sich im Bereich Kurse \u00fcber das aktuelle Angebot.<\/p>\n\n\n\n<figure class=\"wp-block-image size-full\"><a href=\"http:\/\/www.kirstenspeicher-hundeschule.de\/wp-content\/uploads\/2008\/06\/kira-und-eny-500.jpg\"><img loading=\"lazy\" decoding=\"async\" width=\"500\" height=\"348\" src=\"http:\/\/www.kirstenspeicher-hundeschule.de\/wp-content\/uploads\/2008\/06\/kira-und-eny-500.jpg\" alt=\"\" class=\"wp-image-59\"\/><\/a><\/figure>\n","protected":false},"excerpt":{"rendered":"<p>Meine Kurse, Gruppen oder Seminare finden zum Teil auf den beiden Hundepl\u00e4tzen statt, oder im Feld, im Wald und in der Stadt. Je nach teilnehmenden Hundef\u00fchrern biete ich diese in Marburg, Wetter, Kirchhain und im Raum Frankenberg. Informieren Sie sich im Bereich Kurse \u00fcber das aktuelle Angebot.<\/p>\n","protected":false},"author":3,"featured_media":0,"parent":0,"menu_order":300,"comment_status":"closed","ping_status":"closed","template":"","meta":{"footnotes":""},"class_list":["post-750","page","type-page","status-publish","hentry"],"_links":{"self":[{"href":"http:\/\/www.kirstenspeicher-hundeschule.de\/index.php?rest_route=\/wp\/v2\/pages\/750","targetHints":{"allow":["GET"]}}],"collection":[{"href":"http:\/\/www.kirstenspeicher-hundeschule.de\/index.php?rest_route=\/wp\/v2\/pages"}],"about":[{"href":"http:\/\/www.kirstenspeicher-hundeschule.de\/index.php?rest_route=\/wp\/v2\/types\/page"}],"author":[{"embeddable":true,"href":"http:\/\/www.kirstenspeicher-hundeschule.de\/index.php?rest_route=\/wp\/v2\/users\/3"}],"replies":[{"embeddable":true,"href":"http:\/\/www.kirstenspeicher-hundeschule.de\/index.php?rest_route=%2Fwp%2Fv2%2Fcomments&post=750"}],"version-history":[{"count":3,"href":"http:\/\/www.kirstenspeicher-hundeschule.de\/index.php?rest_route=\/wp\/v2\/pages\/750\/revisions"}],"predecessor-version":[{"id":822,"href":"http:\/\/www.kirstenspeicher-hundeschule.de\/index.php?rest_route=\/wp\/v2\/pages\/750\/revisions\/822"}],"wp:attachment":[{"href":"http:\/\/www.kirstenspeicher-hundeschule.de\/index.php?rest_route=%2Fwp%2Fv2%2Fmedia&parent=750"}],"curies":[{"name":"wp","href":"https:\/\/api.w.org\/{rel}","templated":true}]}}