{"id":753,"date":"2024-11-17T17:22:53","date_gmt":"2024-11-17T16:22:53","guid":{"rendered":"http:\/\/www.kirstenspeicher-hundeschule.de\/?page_id=753"},"modified":"2024-11-17T17:33:04","modified_gmt":"2024-11-17T16:33:04","slug":"junghunde","status":"publish","type":"page","link":"http:\/\/www.kirstenspeicher-hundeschule.de\/?page_id=753","title":{"rendered":"\u2013 Junghunde"},"content":{"rendered":"\n<p><\/p>\n\n\n\n<p>Im Junghundekurs wird das Erlernte&nbsp;aus&nbsp;der Welpenstunde&nbsp;gefestigt. Die&nbsp;meist aufm\u00fcpfigen \u201eTeenager\u201c lernen&nbsp;trotz Ablenkung oder Dickkopf den Aufforderungen des Hundef\u00fchrers zu folgen.<\/p>\n\n\n\n<figure class=\"wp-block-image\"><a href=\"http:\/\/www.kirstenspeicher-hundeschule.de\/wp-content\/uploads\/2008\/07\/junghunde_2.jpg\"><img loading=\"lazy\" decoding=\"async\" width=\"500\" height=\"315\" src=\"http:\/\/www.kirstenspeicher-hundeschule.de\/wp-content\/uploads\/2008\/07\/junghunde_2.jpg\" alt=\"\" class=\"wp-image-112\" title=\"junghunde_2\"\/><\/a><\/figure>\n\n\n\n<p>Der Junghundekurs findet&nbsp;an verscheidenen Orten statt, damit die Hunde Gehorsam nicht nur mit&nbsp;dem Hundeplatz verkn\u00fcpfen und weil sie&nbsp;lernen sollen, die ihnen bekannten \u00dcbungen auch unter besonderer Ablenkung durch neue Eindr\u00fccke wie Ger\u00fcche, Ger\u00e4usche und optische Reize der fremden Pl\u00e4tze auszuf\u00fchren.<\/p>\n\n\n\n<figure class=\"wp-block-image\"><a href=\"http:\/\/www.kirstenspeicher-hundeschule.de\/wp-content\/uploads\/2008\/07\/junghunde_1.jpg\"><img loading=\"lazy\" decoding=\"async\" width=\"500\" height=\"338\" src=\"http:\/\/www.kirstenspeicher-hundeschule.de\/wp-content\/uploads\/2008\/07\/junghunde_1.jpg\" alt=\"\" class=\"wp-image-111\" title=\"junghunde_1\"\/><\/a><\/figure>\n\n\n\n<p>Gerade bei&nbsp;den Junghunden ist es mir besonders wichtig, dass ein alltagstauglicher Umgang der Hunde untereinander erhalten bleibt.<\/p>\n\n\n\n<figure class=\"wp-block-image\"><a href=\"http:\/\/www.kirstenspeicher-hundeschule.de\/wp-content\/uploads\/2008\/07\/junghunde_4.jpg\"><img loading=\"lazy\" decoding=\"async\" width=\"500\" height=\"268\" src=\"http:\/\/www.kirstenspeicher-hundeschule.de\/wp-content\/uploads\/2008\/07\/junghunde_4.jpg\" alt=\"\" class=\"wp-image-114\" title=\"junghunde_4\"\/><\/a><\/figure>\n\n\n\n<p>Es liegt in der Natur vieler Hunde m\u00f6glichst schnell im Rang aufzusteigen, dabei gibt es kein Gewissen, kein Verst\u00e4ndnis f\u00fcr Recht oder Unrecht.<\/p>\n\n\n\n<figure class=\"wp-block-image\"><a href=\"http:\/\/www.kirstenspeicher-hundeschule.de\/wp-content\/uploads\/2008\/07\/junghunde_3.jpg\"><img loading=\"lazy\" decoding=\"async\" width=\"500\" height=\"515\" src=\"http:\/\/www.kirstenspeicher-hundeschule.de\/wp-content\/uploads\/2008\/07\/junghunde_3.jpg\" alt=\"\" class=\"wp-image-113\" title=\"junghunde_3\"\/><\/a><\/figure>\n\n\n\n<p>Wenn es&nbsp;dem Zweck&nbsp;dient, werden weniger selbstbewu\u00dfte Artgenossen massiv gema\u00dfregelt. Oftmals nutzen andere Hunde diese Situation aus um mitzumischen. Nicht selten kommt es dabei zu regelrechtem \u201eMobbing\u201c.<\/p>\n\n\n\n<p>In&nbsp;solchen Situationen schreite ich in&nbsp;der Regel&nbsp;ein. In&nbsp;jeder Gruppe befinden sich immer wir Hundef\u00fchrer, die die&nbsp;eigentlichen Rudelf\u00fchrer sein&nbsp;sollten. Ich entscheide also&nbsp;als Hundef\u00fchrer, ob es&nbsp;an&nbsp;der Zeit ist jemanden zu ma\u00dfregeln oder nicht.<\/p>\n\n\n\n<figure class=\"wp-block-image\"><a href=\"http:\/\/www.kirstenspeicher-hundeschule.de\/wp-content\/uploads\/2008\/07\/junghunde_5.jpg\"><img loading=\"lazy\" decoding=\"async\" width=\"500\" height=\"333\" src=\"http:\/\/www.kirstenspeicher-hundeschule.de\/wp-content\/uploads\/2008\/07\/junghunde_5.jpg\" alt=\"\" class=\"wp-image-115\" title=\"junghunde_5\"\/><\/a><\/figure>\n\n\n\n<p>Dass es immer wieder mal Meinungsverschiedenheiten zwischen Hunden gibt ist normal und bei gut sozialisierten Hunden und&nbsp;einem nicht \u00fcberm\u00e4\u00dfigen k\u00f6rperlichen Unterschied (der 4 kg Zwerg legt&nbsp;sich mit dem 60kg Riesen an, dessen Gewicht der zur Dominanzgeste freundlich auf den R\u00fccken gelegten Pfote ein Problem werden k\u00f6nnte) sehe ich keinen Grund einzugreifen.<\/p>\n\n\n\n<figure class=\"wp-block-image\"><a href=\"http:\/\/www.kirstenspeicher-hundeschule.de\/wp-content\/uploads\/2008\/07\/junghunde_6.jpg\"><img loading=\"lazy\" decoding=\"async\" width=\"500\" height=\"413\" src=\"http:\/\/www.kirstenspeicher-hundeschule.de\/wp-content\/uploads\/2008\/07\/junghunde_6.jpg\" alt=\"\" class=\"wp-image-110\" title=\"junghunde_6\"\/><\/a><\/figure>\n\n\n\n<p>Hundebegegnungen im Alltag&nbsp;gestalten sich wesentlich entspannter, wenn&nbsp;der&nbsp;eigene Hunde gelernt hat, nicht jeden Hund unterordnen zu m\u00fcssen, oder selbst immer wieder dominiert zu werden.<\/p>\n","protected":false},"excerpt":{"rendered":"<p>Im Junghundekurs wird das Erlernte&nbsp;aus&nbsp;der Welpenstunde&nbsp;gefestigt. Die&nbsp;meist aufm\u00fcpfigen \u201eTeenager\u201c lernen&nbsp;trotz Ablenkung oder Dickkopf den Aufforderungen des Hundef\u00fchrers zu folgen. Der Junghundekurs findet&nbsp;an verscheidenen Orten statt, damit die Hunde Gehorsam nicht nur mit&nbsp;dem Hundeplatz verkn\u00fcpfen und weil sie&nbsp;lernen sollen, die ihnen bekannten \u00dcbungen auch unter besonderer Ablenkung durch neue Eindr\u00fccke wie Ger\u00fcche, Ger\u00e4usche und optische Reize [&hellip;]<\/p>\n","protected":false},"author":3,"featured_media":0,"parent":750,"menu_order":310,"comment_status":"closed","ping_status":"closed","template":"","meta":{"footnotes":""},"class_list":["post-753","page","type-page","status-publish","hentry"],"_links":{"self":[{"href":"http:\/\/www.kirstenspeicher-hundeschule.de\/index.php?rest_route=\/wp\/v2\/pages\/753","targetHints":{"allow":["GET"]}}],"collection":[{"href":"http:\/\/www.kirstenspeicher-hundeschule.de\/index.php?rest_route=\/wp\/v2\/pages"}],"about":[{"href":"http:\/\/www.kirstenspeicher-hundeschule.de\/index.php?rest_route=\/wp\/v2\/types\/page"}],"author":[{"embeddable":true,"href":"http:\/\/www.kirstenspeicher-hundeschule.de\/index.php?rest_route=\/wp\/v2\/users\/3"}],"replies":[{"embeddable":true,"href":"http:\/\/www.kirstenspeicher-hundeschule.de\/index.php?rest_route=%2Fwp%2Fv2%2Fcomments&post=753"}],"version-history":[{"count":4,"href":"http:\/\/www.kirstenspeicher-hundeschule.de\/index.php?rest_route=\/wp\/v2\/pages\/753\/revisions"}],"predecessor-version":[{"id":823,"href":"http:\/\/www.kirstenspeicher-hundeschule.de\/index.php?rest_route=\/wp\/v2\/pages\/753\/revisions\/823"}],"up":[{"embeddable":true,"href":"http:\/\/www.kirstenspeicher-hundeschule.de\/index.php?rest_route=\/wp\/v2\/pages\/750"}],"wp:attachment":[{"href":"http:\/\/www.kirstenspeicher-hundeschule.de\/index.php?rest_route=%2Fwp%2Fv2%2Fmedia&parent=753"}],"curies":[{"name":"wp","href":"https:\/\/api.w.org\/{rel}","templated":true}]}}