{"id":759,"date":"2024-11-17T17:23:29","date_gmt":"2024-11-17T16:23:29","guid":{"rendered":"http:\/\/www.kirstenspeicher-hundeschule.de\/?page_id=759"},"modified":"2024-11-17T17:33:58","modified_gmt":"2024-11-17T16:33:58","slug":"gegenstandssuche","status":"publish","type":"page","link":"http:\/\/www.kirstenspeicher-hundeschule.de\/?page_id=759","title":{"rendered":"\u2013\u00a0Gegenstandssuche"},"content":{"rendered":"\n<p><\/p>\n\n\n\n<p>Die Hunde lernen Gegenst\u00e4nde des Hundebesitzers oder auch fremde Gegenst\u00e4nde in beliebigen Suchgebieten zu finden, zu apportieren oder zu melden.<\/p>\n\n\n\n<p>Wenn sich&nbsp;der Gegenstand nicht bringen l\u00e4sst, weil er zu gro\u00df ist, oder zu schwer, oder&nbsp;der Hund nicht&nbsp;gern apportiert,&nbsp;&nbsp;kann er seinen Fund auch melden, damit der Hundef\u00fchrer zum Fundort kommt.<\/p>\n\n\n\n<p>Diese Meldung kann durch Bellen&nbsp;am Gegenstand erfolgen,&nbsp;&nbsp;durch Anbellen&nbsp;des Besitzers&nbsp;und anschlie\u00dfendes Hinf\u00fchren zum Gegenstand, durch Abliegen vor dem Gegenstand, oder aber auch durch jede beliebige andere deutliche Anzeigeart.<\/p>\n\n\n\n<p>Wenn die Teams gelernt haben, was man f\u00fcr eine gute Gegenstandssuche wissen muss und wenn die Hunde Suche und Anzeige beherrschen, finden&nbsp;die Trainings&nbsp;an verschiedenen Orten statt, damit die Hunde&nbsp;lernen in jeder beliebigen Umgebung Gegenst\u00e4nde zu&nbsp;suchen, zu finden und zu melden.<\/p>\n\n\n\n<p>Die Gegenst\u00e4nde k\u00f6nnen je&nbsp;nach Leistungsstand&nbsp;des Teams&nbsp;beliebig variieren, vom Schl\u00fcsselbund \u00fcber die Unterlegscheibe bis zu ganzen Kleidungsst\u00fccken&nbsp;sind keine Grenzen gesetzt.<\/p>\n\n\n\n<p><strong>\u2026eine Suche:<\/strong><\/p>\n\n\n\n<p>Endlich das Kommando zur Suche, der junge R\u00fcde legt eifrig los.&nbsp;Eine B\u00f6schung hat sein Interesse geweckt:<\/p>\n\n\n\n<figure class=\"wp-block-image\"><img loading=\"lazy\" decoding=\"async\" width=\"500\" height=\"401\" src=\"http:\/\/www.kirstenspeicher-hundeschule.de\/wp-content\/uploads\/2008\/08\/5.jpg\" alt=\"\" class=\"wp-image-124\" title=\"5\"\/><\/figure>\n\n\n\n<figure class=\"wp-block-image\"><img loading=\"lazy\" decoding=\"async\" width=\"500\" height=\"371\" src=\"http:\/\/www.kirstenspeicher-hundeschule.de\/wp-content\/uploads\/2008\/08\/4.jpg\" alt=\"\" class=\"wp-image-122\" title=\"4\"\/><\/figure>\n\n\n\n<p>Nach kurzer Zeit ist das Baumwolltuch gefunden. Er versucht es zu apportieren:<\/p>\n\n\n\n<figure class=\"wp-block-image\"><a href=\"http:\/\/www.kirstenspeicher-hundeschule.de\/wp-content\/uploads\/2008\/08\/6.jpg\"><img loading=\"lazy\" decoding=\"async\" width=\"500\" height=\"383\" src=\"http:\/\/www.kirstenspeicher-hundeschule.de\/wp-content\/uploads\/2008\/08\/6.jpg\" alt=\"\" class=\"wp-image-125\" title=\"6\"\/><\/a><\/figure>\n\n\n\n<p>Das Tuch ist zu fest unter den Baum geklemmt:<\/p>\n\n\n\n<figure class=\"wp-block-image\"><img loading=\"lazy\" decoding=\"async\" width=\"500\" height=\"374\" src=\"http:\/\/www.kirstenspeicher-hundeschule.de\/wp-content\/uploads\/2008\/08\/7.jpg\" alt=\"\" class=\"wp-image-126\" title=\"7\"\/><\/figure>\n\n\n\n<p>Durch anhaltendes Bellen holt der Labrador seine Hundef\u00fchrerin zum Gegenstand:<\/p>\n\n\n\n<figure class=\"wp-block-image\"><img loading=\"lazy\" decoding=\"async\" width=\"500\" height=\"362\" src=\"http:\/\/www.kirstenspeicher-hundeschule.de\/wp-content\/uploads\/2008\/08\/8.jpg\" alt=\"\" class=\"wp-image-127\" title=\"8\"\/><\/figure>\n\n\n\n<p>\u2026und bekommt dann dort seine Leckerlibelohnung:<\/p>\n\n\n\n<figure class=\"wp-block-image\"><a href=\"http:\/\/www.kirstenspeicher-hundeschule.de\/wp-content\/uploads\/2008\/08\/9.jpg\"><img loading=\"lazy\" decoding=\"async\" width=\"500\" height=\"347\" src=\"http:\/\/www.kirstenspeicher-hundeschule.de\/wp-content\/uploads\/2008\/08\/9.jpg\" alt=\"\" class=\"wp-image-123\" title=\"9\"\/><\/a><\/figure>\n","protected":false},"excerpt":{"rendered":"<p>Die Hunde lernen Gegenst\u00e4nde des Hundebesitzers oder auch fremde Gegenst\u00e4nde in beliebigen Suchgebieten zu finden, zu apportieren oder zu melden. Wenn sich&nbsp;der Gegenstand nicht bringen l\u00e4sst, weil er zu gro\u00df ist, oder zu schwer, oder&nbsp;der Hund nicht&nbsp;gern apportiert,&nbsp;&nbsp;kann er seinen Fund auch melden, damit der Hundef\u00fchrer zum Fundort kommt. Diese Meldung kann durch Bellen&nbsp;am Gegenstand [&hellip;]<\/p>\n","protected":false},"author":3,"featured_media":0,"parent":750,"menu_order":340,"comment_status":"closed","ping_status":"closed","template":"","meta":{"footnotes":""},"class_list":["post-759","page","type-page","status-publish","hentry"],"_links":{"self":[{"href":"http:\/\/www.kirstenspeicher-hundeschule.de\/index.php?rest_route=\/wp\/v2\/pages\/759","targetHints":{"allow":["GET"]}}],"collection":[{"href":"http:\/\/www.kirstenspeicher-hundeschule.de\/index.php?rest_route=\/wp\/v2\/pages"}],"about":[{"href":"http:\/\/www.kirstenspeicher-hundeschule.de\/index.php?rest_route=\/wp\/v2\/types\/page"}],"author":[{"embeddable":true,"href":"http:\/\/www.kirstenspeicher-hundeschule.de\/index.php?rest_route=\/wp\/v2\/users\/3"}],"replies":[{"embeddable":true,"href":"http:\/\/www.kirstenspeicher-hundeschule.de\/index.php?rest_route=%2Fwp%2Fv2%2Fcomments&post=759"}],"version-history":[{"count":3,"href":"http:\/\/www.kirstenspeicher-hundeschule.de\/index.php?rest_route=\/wp\/v2\/pages\/759\/revisions"}],"predecessor-version":[{"id":826,"href":"http:\/\/www.kirstenspeicher-hundeschule.de\/index.php?rest_route=\/wp\/v2\/pages\/759\/revisions\/826"}],"up":[{"embeddable":true,"href":"http:\/\/www.kirstenspeicher-hundeschule.de\/index.php?rest_route=\/wp\/v2\/pages\/750"}],"wp:attachment":[{"href":"http:\/\/www.kirstenspeicher-hundeschule.de\/index.php?rest_route=%2Fwp%2Fv2%2Fmedia&parent=759"}],"curies":[{"name":"wp","href":"https:\/\/api.w.org\/{rel}","templated":true}]}}