{"id":782,"date":"2024-11-17T17:14:31","date_gmt":"2024-11-17T16:14:31","guid":{"rendered":"http:\/\/www.kirstenspeicher-hundeschule.de\/?page_id=782"},"modified":"2024-11-17T17:32:47","modified_gmt":"2024-11-17T16:32:47","slug":"verhaltensvorschlaege-2","status":"publish","type":"page","link":"http:\/\/www.kirstenspeicher-hundeschule.de\/?page_id=782","title":{"rendered":"\u2013 Verhaltensvorschl\u00e4ge"},"content":{"rendered":"\n<p><\/p>\n\n\n\n<p>Wenn sich alle Hundebesitzer an ein paar einfache Regeln halten w\u00fcrden w\u00e4ren die zahlreichen Hundeverordnungen in den oft scharfen Ausf\u00fchrungen unn\u00f6tig. Unter den vielerorts verh\u00e4ngten \u201eLeinenzw\u00e4ngen\u201c (je nach Bundesland und Gemeinde unterschiedlich) leiden viele Hunde \u2013 dank einiger schwarzer Schafe werden alle \u00fcber einen Kamm geschoren.<\/p>\n\n\n\n<p>\u2014<\/p>\n\n\n\n<p>Hund und Mitmenschen:<\/p>\n\n\n\n<ul class=\"wp-block-list\">\n<li>Passantenkontrolle ist indiskutabel \u2013 die Hundenase geh\u00f6rt nicht in fremde Taschen. Wenn Sie sich nicht absolut sicher sind, dass Ihr Hund die entgegenkommenden Fu\u00dfg\u00e4nger ignoriert und einen akzeptablen Abstand h\u00e4lt, rufen Sie Ihren Hund bitte ran, nehmen ihn ins \u201eFu\u00df\u201c, setzen ihn ab oder leinen ihn an.<\/li>\n\n\n\n<li>Wenn Fu\u00dfg\u00e4nger Angst signalisieren oder bitten dass Sie Ihren Hund anleinen, dann gehe Sie dieser Bitte nach bzw. rufen Ihren Hund heran und f\u00fchren ihn kontrolliert an der Person vorbei.<\/li>\n\n\n\n<li>Oben angef\u00fchrte Punkte gelten nat\u00fcrlich auch f\u00fcr Jogger und Radfahrer.<\/li>\n\n\n\n<li>Nehmen Sie bitte NICHT an Spaziergangsgruppen teil, bei denen v\u00f6llig ungehorsame Hunde ungesteuert durch die Natur donnern. Spaziergangsgruppen m\u00fcssen kontrollierbar sein.<\/li>\n<\/ul>\n\n\n\n<p>\u2014<\/p>\n\n\n\n<p>Hund und Umwelt:<\/p>\n\n\n\n<ul class=\"wp-block-list\">\n<li>Auf den Wegen und an den Wegesr\u00e4ndern gibt es genug zu schn\u00fcffeln \u2013 im Feld wie im Wald. Bitte lassen Sie Ihren Hund nicht im Wald toben, auf bestellten Feldern laufen; vor allem in hohem Gras und Getreide hat Ihr Hund nichts verloren. Bedenken Sie, dass Sie damit das Risiko eingehen, dass Ihr Hund auf Wild trifft und die Wildtiere stresst, aufscheucht, hetzt oder sogar t\u00f6tet. Auf frisch gem\u00e4hten Wiesen k\u00f6nnen Sie Genehmigung zum \u201eFlitzen\u201c geben und spannende Schnupper- Spa\u00df- und Sportspiele lassen sich auch auf Wegen machen.<\/li>\n\n\n\n<li>Bitte stellen Sie sich nicht in die Natur oder setzen Sie ihren Hund auf die n\u00e4chste Parkbank und b\u00fcrsten ihn bis er nackt ist. Wie oft findet man \u201eeingehaarte\u201c B\u00e4nke, die aussehen, als habe ein Tier sein Leben lassen m\u00fcssen. Bitte sammeln Sie die Haare ein und entsorgen Sie sie im Hausm\u00fcll oder verstecken sie im Fr\u00fchjahr f\u00fcr V\u00f6gel in B\u00fcschen und Hecken (!!! sofern ihr Hund kein Spot on erhalten hat \u2013 alternativ sind die Haare quasi Sonderm\u00fcll \u2013 Untersuchung zum Jungvogelsterben wegen Hundehaaren in Vogelnestern gibt es vom NaBu)<\/li>\n\n\n\n<li>Hundehaufen geh\u00f6ren auch in Feld und Wald NICHT mitten auf Gehwege, am Rand ist meist gen\u00fcgend Platz. Bitte bringen Sie Ihrem Hund bei, f\u00fcr das Gesch\u00e4ft den Wegesrand zu nutzen.<\/li>\n\n\n\n<li>Hundehaufen geh\u00f6ren NICHT in Wiesen, die in absehbarer Zeit gem\u00e4ht werden k\u00f6nnten. Bitte lassen Sie Ihren Hund auf solchen Wiesen nicht laufen.<\/li>\n\n\n\n<li>An jegliche Form von Bebauung, auch angelegtem Gr\u00fcn, wird nicht markiert! Hundepipi geh\u00f6rt weder an Mauern, noch an Gartenz\u00e4une oder an Gartenhecken! Wo gepinkelt wird, folgen auch H\u00e4ufchen.<\/li>\n\n\n\n<li>Hundehaufen an unpassenden Orten werden eingesammelt und im Hausm\u00fcll oder extra aufgestellten M\u00fclleimern entsorgt \u2013 NICHT in der n\u00e4chsten privaten M\u00fclltonne.<\/li>\n\n\n\n<li>Wenn Sie ohne St\u00f6ckchenspiel nicht auskommen, lassen Sie bitte keine St\u00f6cke auf Wiesen zur\u00fcck, schon gar keine halben \u00c4ste oder B\u00e4ume \u2013 mancher Hund zeigt, was das angeht, \u00fcbertriebenen Ehrgeiz. Sobald das Gras etwas gewachsen ist, sind die \u00c4ste nicht mehr zu erkennen und ein \u00c4rgernis in den M\u00e4hwerken der Landwirte.<\/li>\n\n\n\n<li>Bitte lassen Sie Ihren Hund in Wiesen und Wegen KEINE L\u00f6cher ausheben. M\u00e4uschenbuddeln ist h\u00f6chstens mal am Waldrand, im trockenen Graben oder in abgeernteten Feldern erlaubt; andernorts k\u00f6nnen die L\u00f6cher zu gef\u00e4hrlichen Stolperfallen f\u00fcr Jogger, Reiter und auch Nutztiere werden.<\/li>\n<\/ul>\n\n\n\n<p>\u2014<\/p>\n\n\n\n<p>Hund und Artgenossen:<\/p>\n\n\n\n<ul class=\"wp-block-list\">\n<li>Wenn Ihnen ein angeleinter Hund begegnet, rufen Sie bitte Ihren Hund heran, kl\u00e4ren, ob sich die Hunde begr\u00fc\u00dfen d\u00fcrfen oder gehen mit Ihrem Hund angeleint oder im Fu\u00df vorbei. Die Besitzer haben meist Gr\u00fcnde daf\u00fcr, dass ihr Hund nicht frei l\u00e4uft. \u201eMeiner tut nix!\u201c oder \u201eDie regeln das schon unter sich!\u201c und den eigenen Hund laufen lassen ist indiskutabel.<\/li>\n\n\n\n<li>Wenn Sie mit mehreren Hunden unterwegs sind und sich in der Gruppe ein oder mehrere angeleinte Hunde befinden, sowie freilaufende Hunde und man begegnet einem anderen Hund, dann werden ALLE Hunde angeleint, bzw. kontrolliert an dem entgegenkommenden Hund vorbeigef\u00fchrt.<\/li>\n\n\n\n<li>Wenn Sie sehen, dass Ihnen ein anderer Hundebesitzer Platz macht und mit seinem Hund ausweicht, um etwas Distanz zwischen Sie und seinen Hund zu bringen, so lassen Sie ihm bitte die Zeit dazu, ohne ihm schon auf den Fersen zu kleben.<\/li>\n<\/ul>\n\n\n\n<p>\u2014<\/p>\n\n\n\n<p>Hund und andere Tiere:<\/p>\n\n\n\n<ul class=\"wp-block-list\">\n<li>Ihr Hund hat absolut nichts auf Weiden verloren, auf denen sich Tiere befinden. Wenn Sie unsicher sind, wie sich Ihr Hund anderen Tieren gegen\u00fcber verh\u00e4lt, leinen Sie ihn bitte an.<\/li>\n\n\n\n<li>Bitte f\u00fchren Sie Ihren Hund IMMER \u00e4u\u00dferst kontrolliert an Reitern vorbei und warnen Sie diese rechtzeitig, falls es sein kann, dass Ihr Hund beim Anblick von Pferden noch zu bellen beginnt.<\/li>\n<\/ul>\n\n\n\n<p>\u2014<\/p>\n\n\n\n<p>An dieser Stelle eine Bitte an unsere Mitmenschen und auch an andere Hundebesitzer:<\/p>\n\n\n\n<ul class=\"wp-block-list\">\n<li>Bitte keine Hunde ungefragt f\u00fcttern. Sie machen die m\u00fchevollen Erziehungsversuche, Passanten zu ignorieren und nicht zu betteln, damit zunichte. Der n\u00e4chste Fu\u00dfg\u00e4nger \u00e4rgert sich \u00fcber den aufdringlichen Hund oder f\u00fchlt sich sogar bedroht.<\/li>\n\n\n\n<li>Ein weiterer oft verkannter Punkt: Einige Hunde leiden unter Allergien oder d\u00fcrfen aus anderen gesundheitlichen Gr\u00fcnden nur ein spezielles Futter bekommen \u2013 unter Umst\u00e4nden kann ein kleines Leckerchen schon lebensbedrohlich sein.<\/li>\n\n\n\n<li>Bitte locken Sie fremde Hunde nicht an und fassen Sie sie nicht an \u2013 es gibt auch keinen Grund dazu. Einige Hunde sind dann zwar interessiert, mal bei Ihnen zu schauen, aber angefasst werden wollen die wenigsten \u2013 sie dulden es eben nur, weil die Menschen das immer so machen. Erw\u00e4hnte Trainingsversuche, Passanten zu ignorieren, scheitern auf diese Weise. Es ist zwar sch\u00f6n, dass Sie ein Hundefreund sind, aber schon die n\u00e4chste Begegnung mit einem unbekannten Mitmenschen k\u00f6nnte f\u00fcr den Hundebesitzer zu einer unsch\u00f6nen Auseinandersetzung werden.<\/li>\n\n\n\n<li>Bitte nehmen Sie sich den kurzen Moment Zeit zu warten, wenn ein freundlicher, aber zum Beispiel verspielter Hund zu Ihnen und Ihrem Hund durchgegangen ist und der Besitzer nach vergeblichem Rufen seinen Hund bei Ihnen abholen muss. Jeder hat mal angefangen.<\/li>\n\n\n\n<li>Bitte bedenken Sie vor allem in den Herbst- und Wintermonaten, dass einige Hundebesitzer auch noch im Dunkeln mit ihren Hunden spazieren gehen m\u00fcssen. Um andere rechtzeitig zu sehen und ebenso gesehen zu werden, statten Sie sich und Ihren Hund mit einem Signallicht aus. Der Aspekt der eigenen Sicherheit sollte hierbei nicht au\u00dfer Acht gelassen werden!<br>Es gibt in den Tierzubeh\u00f6rl\u00e4den auch f\u00fcr den kleinen Geldbeutel zweckm\u00e4\u00dfige Modelle.<\/li>\n\n\n\n<li>Wenn der Vierbeiner eines Mitmenschen an der Leine ausflippt, auf das Zehnte Rufen nicht kommt, ver\u00e4ngstigt vor dem Traktor auf den Acker ausweicht oder was auch immer, bedenken Sie bitte, dass nicht jeder Hundebesitzer schon Hundeerfahrung hat und dass es viele Hunde mit \u201eGeschichte\u201c gibt und ihre neuen Besitzer mit viel Geduld an den Problemen aus der Vergangenheit arbeiten m\u00fcssen.<\/li>\n\n\n\n<li>Liebe Jogger und Radfahrer, liebe Hundebesitzer,<br>Feld- und Waldwege werden von Landwirten, Forst und den Jagdaus\u00fcbungsberechtigten befahren, Radfahrer, Jogger und Skater kommen ihrer sportlichen Bet\u00e4tigung nach, Hundebesitzer sind mit ihren Hunden unterwegs und Familien machen evtl einen Ausflug mit den Kindern in die Natur \u2013 wie auch immer \u2013 JEDER sollte ein wenig R\u00fccksicht nehmen und ein \u201eHallo!\u201c oder ein \u201eDanke!\u201c an der ein oder anderen Stelle ist eigentlich nicht zuviel verlangt.<\/li>\n<\/ul>\n","protected":false},"excerpt":{"rendered":"<p>Wenn sich alle Hundebesitzer an ein paar einfache Regeln halten w\u00fcrden w\u00e4ren die zahlreichen Hundeverordnungen in den oft scharfen Ausf\u00fchrungen unn\u00f6tig. Unter den vielerorts verh\u00e4ngten \u201eLeinenzw\u00e4ngen\u201c (je nach Bundesland und Gemeinde unterschiedlich) leiden viele Hunde \u2013 dank einiger schwarzer Schafe werden alle \u00fcber einen Kamm geschoren. \u2014 Hund und Mitmenschen: \u2014 Hund und Umwelt: \u2014 [&hellip;]<\/p>\n","protected":false},"author":3,"featured_media":0,"parent":744,"menu_order":230,"comment_status":"closed","ping_status":"closed","template":"","meta":{"footnotes":""},"class_list":["post-782","page","type-page","status-publish","hentry"],"_links":{"self":[{"href":"http:\/\/www.kirstenspeicher-hundeschule.de\/index.php?rest_route=\/wp\/v2\/pages\/782","targetHints":{"allow":["GET"]}}],"collection":[{"href":"http:\/\/www.kirstenspeicher-hundeschule.de\/index.php?rest_route=\/wp\/v2\/pages"}],"about":[{"href":"http:\/\/www.kirstenspeicher-hundeschule.de\/index.php?rest_route=\/wp\/v2\/types\/page"}],"author":[{"embeddable":true,"href":"http:\/\/www.kirstenspeicher-hundeschule.de\/index.php?rest_route=\/wp\/v2\/users\/3"}],"replies":[{"embeddable":true,"href":"http:\/\/www.kirstenspeicher-hundeschule.de\/index.php?rest_route=%2Fwp%2Fv2%2Fcomments&post=782"}],"version-history":[{"count":4,"href":"http:\/\/www.kirstenspeicher-hundeschule.de\/index.php?rest_route=\/wp\/v2\/pages\/782\/revisions"}],"predecessor-version":[{"id":821,"href":"http:\/\/www.kirstenspeicher-hundeschule.de\/index.php?rest_route=\/wp\/v2\/pages\/782\/revisions\/821"}],"up":[{"embeddable":true,"href":"http:\/\/www.kirstenspeicher-hundeschule.de\/index.php?rest_route=\/wp\/v2\/pages\/744"}],"wp:attachment":[{"href":"http:\/\/www.kirstenspeicher-hundeschule.de\/index.php?rest_route=%2Fwp%2Fv2%2Fmedia&parent=782"}],"curies":[{"name":"wp","href":"https:\/\/api.w.org\/{rel}","templated":true}]}}